{"id":59226,"date":"2023-07-17T09:00:52","date_gmt":"2023-07-17T07:00:52","guid":{"rendered":"https:\/\/mikro-polo.si\/prosta-delovna-mesta-razpis\/"},"modified":"2023-08-10T11:21:19","modified_gmt":"2023-08-10T09:21:19","slug":"slobodna-radna-mjesta","status":"publish","type":"page","link":"https:\/\/www.mikro-polo.si\/bs\/slobodna-radna-mjesta\/","title":{"rendered":"Slobodna radna mjesta"},"content":{"rendered":"\t\t<div data-elementor-type=\"wp-page\" data-elementor-id=\"59226\" class=\"elementor elementor-59226 elementor-59221\">\n\t\t\t\t\t\t<section class=\"elementor-section elementor-top-section elementor-element elementor-element-37dfbb6 elementor-section-boxed elementor-section-height-default elementor-section-height-default\" data-id=\"37dfbb6\" data-element_type=\"section\" data-e-type=\"section\" data-settings=\"{&quot;background_background&quot;:&quot;classic&quot;}\">\r\n\t\t\t\t\t\t<div class=\"elementor-container elementor-column-gap-thegem\"><div class=\"elementor-row\">\r\n\t\t\t\t\t<div class=\"elementor-column elementor-col-100 elementor-top-column elementor-element elementor-element-dd88891\" data-id=\"dd88891\" data-element_type=\"column\" data-e-type=\"column\">\n\t\t\t<div class=\"elementor-widget-wrap elementor-element-populated\">\n\t\t\t\t\t\t<div class=\"elementor-element elementor-element-23291fa flex-horizontal-align-default flex-horizontal-align-tablet-default flex-horizontal-align-mobile-default flex-vertical-align-default flex-vertical-align-tablet-default flex-vertical-align-mobile-default elementor-invisible elementor-widget elementor-widget-thegem-cta\" data-id=\"23291fa\" data-element_type=\"widget\" data-e-type=\"widget\" data-settings=\"{&quot;thegem_elementor_preset&quot;:&quot;left-aligned&quot;,&quot;_animation&quot;:&quot;fadeInUp&quot;}\" data-widget_type=\"thegem-cta.default\">\n\t\t\t\t<div class=\"elementor-widget-container\">\n\t\t\t\t\t\n<div class=\"gem-alert-box\">\n\n\t\n\t\t<div class=\"gem-alert-box-top gem-alert-box-top-none default-fill\">\n\t\t\t\t\t<\/div>\n\t\n\t<div class=\"gem-alert-inner icon-top gem-alert-box-icon-horizontal-center no-button\">\n\n\t\t\t\n\n\t\t\t\n\t\t\t<div class=\"gem-alert-box-content\">\n\t\t\t\t\t\t\t\t\t\n\t\t\t\t<h2 class=\"gem-cta-title title-h2 light\">\n\t\t\t\t\tPrilike se ne de\u0161avaju. Sam ih kreira\u0161.\t\t\t\t<\/h2>\n\n\t\t\t\n\n\t\t\t\n\t\t\t\t<div class=\"gem-cta-description gem-text-output\">\n\t\t\t\t\t<p class=\"styled-subtitle\" style=\"text-align: center\">Sre\u0107a je na strani onoga koji se usudi.<\/p>\t\t\t\t<\/div>\n\t\t\t\n\t\t\t\t\t<\/div>\n\n\t\t\t<div class=\"gem-alert-box-buttons\">\n\t\t\t\t\n\t\t\t\n\t\t\t\t\t\t<\/div>\n\n\t\t\t\n\n\t<\/div>\n\n\t\n\t\t<div class=\"gem-alert-box-bottom gem-alert-box-bottom-none default-fill\">\n\t\t\t\t<\/div>\n\t<\/div>\t\t\t\t<\/div>\n\t\t\t\t<\/div>\n\t\t\t\t\t<\/div>\n\t\t<\/div>\n\t\t\t\t\t<\/div><\/div>\r\n\t\t<\/section>\r\n\t\t\t\t<section class=\"elementor-section elementor-top-section elementor-element elementor-element-a3937c5 elementor-section-boxed elementor-section-height-default elementor-section-height-default\" data-id=\"a3937c5\" data-element_type=\"section\" data-e-type=\"section\" data-settings=\"{&quot;background_background&quot;:&quot;classic&quot;}\">\r\n\t\t\t\t\t\t<div class=\"elementor-container elementor-column-gap-thegem\"><div class=\"elementor-row\">\r\n\t\t\t\t\t<div class=\"elementor-column elementor-col-100 elementor-top-column elementor-element elementor-element-3c1f8a4\" data-id=\"3c1f8a4\" data-element_type=\"column\" data-e-type=\"column\">\n\t\t\t<div class=\"elementor-widget-wrap elementor-element-populated\">\n\t\t\t\t\t\t<div class=\"elementor-element elementor-element-81fa083 flex-horizontal-align-default flex-horizontal-align-tablet-default flex-horizontal-align-mobile-default flex-vertical-align-default flex-vertical-align-tablet-default flex-vertical-align-mobile-default elementor-invisible elementor-widget elementor-widget-thegem-cta\" data-id=\"81fa083\" data-element_type=\"widget\" data-e-type=\"widget\" data-settings=\"{&quot;thegem_elementor_preset&quot;:&quot;left-aligned&quot;,&quot;_animation&quot;:&quot;fadeInUp&quot;}\" data-widget_type=\"thegem-cta.default\">\n\t\t\t\t<div class=\"elementor-widget-container\">\n\t\t\t\t\t\n<div class=\"gem-alert-box\">\n\n\t\n\t\t<div class=\"gem-alert-box-top gem-alert-box-top-none default-fill\">\n\t\t\t\t\t<\/div>\n\t\n\t<div class=\"gem-alert-inner icon-top gem-alert-box-icon-horizontal-center no-button\">\n\n\t\t\t\n\n\t\t\t\n\t\t\t<div class=\"gem-alert-box-content\">\n\t\t\t\t\t\t\t\t\t\n\t\t\t\t<h3 class=\"gem-cta-title title-h3 bold\">\n\t\t\t\t\tSlobodna radna mjesta\t\t\t\t<\/h3>\n\n\t\t\t\n\n\t\t\t\n\t\t\t\t\t<\/div>\n\n\t\t\t<div class=\"gem-alert-box-buttons\">\n\t\t\t\t\n\t\t\t\n\t\t\t\t\t\t<\/div>\n\n\t\t\t\n\n\t<\/div>\n\n\t\n\t\t<div class=\"gem-alert-box-bottom gem-alert-box-bottom-none default-fill\">\n\t\t\t\t<\/div>\n\t<\/div>\t\t\t\t<\/div>\n\t\t\t\t<\/div>\n\t\t\t\t<div class=\"elementor-element elementor-element-13aa17a flex-horizontal-align-default flex-horizontal-align-tablet-default flex-horizontal-align-mobile-default flex-vertical-align-default flex-vertical-align-tablet-default flex-vertical-align-mobile-default elementor-invisible elementor-widget elementor-widget-thegem-cta\" data-id=\"13aa17a\" data-element_type=\"widget\" data-e-type=\"widget\" data-settings=\"{&quot;thegem_elementor_preset&quot;:&quot;left-aligned&quot;,&quot;_animation&quot;:&quot;fadeInUp&quot;}\" data-widget_type=\"thegem-cta.default\">\n\t\t\t\t<div class=\"elementor-widget-container\">\n\t\t\t\t\t\n<div class=\"gem-alert-box\">\n\n\t\n\t\t<div class=\"gem-alert-box-top gem-alert-box-top-none default-fill\">\n\t\t\t\t\t<\/div>\n\t\n\t<div class=\"gem-alert-inner icon-top gem-alert-box-icon-horizontal-center button-bottom\">\n\n\t\t\t\n\n\t\t\t\n\t\t\t<div class=\"gem-alert-box-content\">\n\t\t\t\t\t\t\t\t\t\n\n\t\t\t\n\t\t\t\t\t<\/div>\n\n\t\t\t<div class=\"gem-alert-box-buttons\">\n\t\t\t\t\n\t\t\t\t\t\t\t\t\t\t\t<div class=\"gem-button-container-1 gem-widget-button\">\n\t\t\t\t\t\t\t\t\t\t<a class=\"gem-button gem-button-size-medium gem-button-text-weight-bold gem-button-style-outline\" href=\"https:\/\/mikro-polo.si\/kariera\/zaposlitveni-oglas-serviser-aparatov\/\">\n\t\t\t\t\t\t<span class=\"gem-inner-wrapper-btn\">\n\t\t\t\t\t\t\t\t\t\t\t\t\t\t<span class=\"gem-text-button\">\n\t\t\t\t\t\t\t\tSERVISER APARATOV\t\t\t\t\t\t\t<\/span>\n\t\t\t\t\t\t<\/span>\n\t\t\t\t\t<\/a>\n\t\t\t\t<\/div>\n\t\t\t\n\t\t\t\t\t\t<\/div>\n\n\t\t\t\n\n\t<\/div>\n\n\t\n\t\t<div class=\"gem-alert-box-bottom gem-alert-box-bottom-none default-fill\">\n\t\t\t\t<\/div>\n\t<\/div>\t\t\t\t<\/div>\n\t\t\t\t<\/div>\n\t\t\t\t<div class=\"elementor-element elementor-element-4ffa8c4 flex-horizontal-align-default flex-horizontal-align-tablet-default flex-horizontal-align-mobile-default flex-vertical-align-default flex-vertical-align-tablet-default flex-vertical-align-mobile-default elementor-invisible elementor-widget elementor-widget-thegem-cta\" data-id=\"4ffa8c4\" data-element_type=\"widget\" data-e-type=\"widget\" data-settings=\"{&quot;thegem_elementor_preset&quot;:&quot;left-aligned&quot;,&quot;_animation&quot;:&quot;fadeInUp&quot;}\" data-widget_type=\"thegem-cta.default\">\n\t\t\t\t<div class=\"elementor-widget-container\">\n\t\t\t\t\t\n<div class=\"gem-alert-box\">\n\n\t\n\t\t<div class=\"gem-alert-box-top gem-alert-box-top-none default-fill\">\n\t\t\t\t\t<\/div>\n\t\n\t<div class=\"gem-alert-inner icon-top gem-alert-box-icon-horizontal-center button-bottom\">\n\n\t\t\t\n\n\t\t\t\n\t\t\t<div class=\"gem-alert-box-content\">\n\t\t\t\t\t\t\t\t\t\n\n\t\t\t\n\t\t\t\t\t<\/div>\n\n\t\t\t<div class=\"gem-alert-box-buttons\">\n\t\t\t\t\n\t\t\t\t\t\t\t\t\t\t\t<div class=\"gem-button-container-1 gem-widget-button\">\n\t\t\t\t\t\t\t\t\t\t<a class=\"gem-button gem-button-size-medium gem-button-text-weight-bold gem-button-style-outline\" href=\"https:\/\/mikro-polo.si\/kariera\/zaposlitveni-oglas-prodajni-predstavnik-za-analizne-aparate\/\">\n\t\t\t\t\t\t<span class=\"gem-inner-wrapper-btn\">\n\t\t\t\t\t\t\t\t\t\t\t\t\t\t<span class=\"gem-text-button\">\n\t\t\t\t\t\t\t\tPRODAJNI PREDSTAVNIK ZA ANALIZNE APARATE\t\t\t\t\t\t\t<\/span>\n\t\t\t\t\t\t<\/span>\n\t\t\t\t\t<\/a>\n\t\t\t\t<\/div>\n\t\t\t\n\t\t\t\t\t\t<\/div>\n\n\t\t\t\n\n\t<\/div>\n\n\t\n\t\t<div class=\"gem-alert-box-bottom gem-alert-box-bottom-none default-fill\">\n\t\t\t\t<\/div>\n\t<\/div>\t\t\t\t<\/div>\n\t\t\t\t<\/div>\n\t\t\t\t\t<\/div>\n\t\t<\/div>\n\t\t\t\t\t<\/div><\/div>\r\n\t\t<\/section>\r\n\t\t\t\t<section class=\"elementor-section elementor-top-section elementor-element elementor-element-787a626 elementor-section-stretched elementor-section-full_width elementor-section-height-min-height elementor-section-items-stretch elementor-section-content-middle elementor-section-height-default\" data-id=\"787a626\" data-element_type=\"section\" data-e-type=\"section\" data-settings=\"{&quot;stretch_section&quot;:&quot;section-stretched&quot;,&quot;background_background&quot;:&quot;classic&quot;}\">\r\n\t\t\t\t\t\t<div class=\"elementor-container elementor-column-gap-no\"><div class=\"elementor-row\">\r\n\t\t\t\t\t<div class=\"elementor-column elementor-col-50 elementor-top-column elementor-element elementor-element-749a976 elementor-invisible\" data-id=\"749a976\" data-element_type=\"column\" data-e-type=\"column\" data-settings=\"{&quot;background_background&quot;:&quot;classic&quot;,&quot;animation&quot;:&quot;pulse&quot;}\">\n\t\t\t<div class=\"elementor-widget-wrap elementor-element-populated\">\n\t\t\t\t\t\t<div class=\"elementor-element elementor-element-7ed5dae flex-horizontal-align-default flex-horizontal-align-tablet-default flex-horizontal-align-mobile-default flex-vertical-align-default flex-vertical-align-tablet-default flex-vertical-align-mobile-default elementor-widget elementor-widget-spacer\" data-id=\"7ed5dae\" data-element_type=\"widget\" data-e-type=\"widget\" data-widget_type=\"spacer.default\">\n\t\t\t\t<div class=\"elementor-widget-container\">\n\t\t\t\t\t\t\t<div class=\"elementor-spacer\">\n\t\t\t<div class=\"elementor-spacer-inner\"><\/div>\n\t\t<\/div>\n\t\t\t\t\t\t<\/div>\n\t\t\t\t<\/div>\n\t\t\t\t\t<\/div>\n\t\t<\/div>\n\t\t\t\t<div class=\"elementor-column elementor-col-50 elementor-top-column elementor-element elementor-element-6a661ac\" data-id=\"6a661ac\" data-element_type=\"column\" data-e-type=\"column\">\n\t\t\t<div class=\"elementor-widget-wrap elementor-element-populated\">\n\t\t\t\t\t\t<div class=\"elementor-element elementor-element-9cbeab1 flex-horizontal-align-default flex-horizontal-align-tablet-default flex-horizontal-align-mobile-default flex-vertical-align-default flex-vertical-align-tablet-default flex-vertical-align-mobile-default elementor-widget elementor-widget-thegem-styled-textbox\" data-id=\"9cbeab1\" data-element_type=\"widget\" data-e-type=\"widget\" data-settings=\"{&quot;thegem_elementor_preset&quot;:&quot;basic&quot;}\" data-widget_type=\"thegem-styled-textbox.default\">\n\t\t\t\t<div class=\"elementor-widget-container\">\n\t\t\t\t\t\n<div class=\"gem-textbox styled-textbox-basic\">\n\n\t\n\t\t<div class=\"gem-textbox-top gem-textbox-top-none default-fill\">\n\t\t\t\t\t<\/div>\n\t\n\t<div class=\"gem-textbox-inner\">\n\n\t\t<div class=\"gem-textbox-content default-background icon-top gem-textbox-icon-horizontal-center\">\n\n\t\t\t\t\t\t\t<div class=\"gem-texbox-icon-image-wrapper\">\n\n\t\t\t\t\t\t\t\t\t\t\t<div class=\"icon-top center\">\n\t\t\t\t\t\t\t<div class=\"gem-textbox-icon\">\n\t\t\t\t\t\t\t\t<div class=\"elementor-icon\">\n\t\t\t\t\t\t\t\t\t<i aria-hidden=\"true\" class=\"fas fa-phone-volume\"><\/i>\t\t\t\t\t\t\t\t<\/div>\n\t\t\t\t\t\t\t<\/div>\n\t\t\t\t\t\t<\/div>\n\t\t\t\t\t\n\t\t\t\t\t\n\t\t\t\t<\/div>\n\t\t\t\n\t\t\t<div class=\"gem-texbox-text-wrapper\">\n\n\t\t\t\t\t\t\t\t\t\n\t\t\t\t\t\t<h4 class=\"gem-textbox-title title-h4 bold\">\n\t\t\t\t\t\t\t\u017deli\u0161 vi\u0161e informacija?\t\t\t\t\t\t<\/h4>\n\n\t\t\t\t\t\n\t\t\t\t\t\n\t\t\t\t\t\t<div class=\"gem-textbox-description gem-text-output\">\n\t\t\t\t\t\t\t<div class=\"styled-subtitle\"><div class=\"styled-subtitle\" style=\"text-align: center\"><span style=\"color: #000000\"><strong>Kontaktiraj na\u0161u kadrovsku slu\u017ebu:<\/strong><\/span><\/div><div>\u00a0<\/div><div class=\"styled-subtitle\" style=\"text-align: center\"><span style=\"color: #000000\"><strong>T<\/strong> +386 2 614 33 43<\/span><\/div><div class=\"styled-subtitle\" style=\"text-align: center\"><span style=\"color: #000000\"><strong>E<\/strong> <a href=\"mailto:kadrovska@mikro-polo.si\">kadrovska@mikro-polo.si<\/a><\/span><\/div><\/div>\t\t\t\t\t\t<\/div>\n\n\t\t\t\t\t\n\t\t\t\t\n\t\t\t\t\n\t\t\t<\/div>\n\n\t\t<\/div>\n\n\t<\/div>\n\n\t\n\t\t<div class=\"gem-textbox-bottom gem-textbox-bottom-none default-fill\">\n\t\t\t\t<\/div>\n\t\n\t\n<\/div>\n\t\t\t\t<\/div>\n\t\t\t\t<\/div>\n\t\t\t\t\t<\/div>\n\t\t<\/div>\n\t\t\t\t\t<\/div><\/div>\r\n\t\t<\/section>\r\n\t\t\t\t<\/div>\n\t\t","protected":false},"excerpt":{"rendered":"<p>Prilike se ne de\u0161avaju. Sam ih kreira\u0161. Sre\u0107a je na strani onoga koji se usudi. Slobodna radna mjesta SERVISER APARATOV&#8230;<\/p>\n","protected":false},"author":2,"featured_media":0,"parent":0,"menu_order":0,"comment_status":"closed","ping_status":"closed","template":"page-fullwidth.php","meta":{"inline_featured_image":false,"footnotes":""},"class_list":["post-59226","page","type-page","status-publish"],"yoast_head":"<!-- This site is optimized with the Yoast SEO plugin v27.0 - https:\/\/yoast.com\/product\/yoast-seo-wordpress\/ -->\n<title>Slobodna radna mjesta - Mikro+Polo<\/title>\n<meta name=\"robots\" content=\"index, follow, max-snippet:-1, max-image-preview:large, max-video-preview:-1\" \/>\n<link rel=\"canonical\" href=\"https:\/\/www.mikro-polo.si\/bs\/slobodna-radna-mjesta\/\" \/>\n<meta property=\"og:locale\" content=\"bs_BA\" \/>\n<meta property=\"og:type\" content=\"article\" \/>\n<meta property=\"og:title\" content=\"Slobodna radna mjesta - Mikro+Polo\" \/>\n<meta property=\"og:description\" content=\"Prilike se ne de\u0161avaju. Sam ih kreira\u0161. Sre\u0107a je na strani onoga koji se usudi. Slobodna radna mjesta SERVISER APARATOV...\" \/>\n<meta property=\"og:url\" content=\"https:\/\/www.mikro-polo.si\/bs\/slobodna-radna-mjesta\/\" \/>\n<meta property=\"og:site_name\" content=\"Mikro+Polo\" \/>\n<meta property=\"article:publisher\" content=\"https:\/\/www.facebook.com\/mikropolo2011\" \/>\n<meta property=\"article:modified_time\" content=\"2023-08-10T09:21:19+00:00\" \/>\n<meta property=\"og:image\" content=\"https:\/\/www.mikro-polo.si\/wp-content\/uploads\/2023\/06\/MP_Logo.jpg\" \/>\n\t<meta property=\"og:image:width\" content=\"1200\" \/>\n\t<meta property=\"og:image:height\" content=\"675\" \/>\n\t<meta property=\"og:image:type\" content=\"image\/jpeg\" \/>\n<meta name=\"twitter:card\" content=\"summary_large_image\" \/>\n<meta name=\"twitter:label1\" content=\"Est. reading time\" \/>\n\t<meta name=\"twitter:data1\" content=\"1 minuta\" \/>\n<script type=\"application\/ld+json\" class=\"yoast-schema-graph\">{\"@context\":\"https:\/\/schema.org\",\"@graph\":[{\"@type\":\"WebPage\",\"@id\":\"https:\/\/www.mikro-polo.si\/bs\/slobodna-radna-mjesta\/\",\"url\":\"https:\/\/www.mikro-polo.si\/bs\/slobodna-radna-mjesta\/\",\"name\":\"Slobodna radna mjesta - Mikro+Polo\",\"isPartOf\":{\"@id\":\"https:\/\/www.mikro-polo.si\/bs\/#website\"},\"datePublished\":\"2023-07-17T07:00:52+00:00\",\"dateModified\":\"2023-08-10T09:21:19+00:00\",\"breadcrumb\":{\"@id\":\"https:\/\/www.mikro-polo.si\/bs\/slobodna-radna-mjesta\/#breadcrumb\"},\"inLanguage\":\"bs-BA\",\"potentialAction\":[{\"@type\":\"ReadAction\",\"target\":[\"https:\/\/www.mikro-polo.si\/bs\/slobodna-radna-mjesta\/\"]}]},{\"@type\":\"BreadcrumbList\",\"@id\":\"https:\/\/www.mikro-polo.si\/bs\/slobodna-radna-mjesta\/#breadcrumb\",\"itemListElement\":[{\"@type\":\"ListItem\",\"position\":1,\"name\":\"Home\",\"item\":\"https:\/\/www.mikro-polo.si\/bs\/?page_id=79090\"},{\"@type\":\"ListItem\",\"position\":2,\"name\":\"Slobodna radna mjesta\"}]},{\"@type\":\"WebSite\",\"@id\":\"https:\/\/www.mikro-polo.si\/bs\/#website\",\"url\":\"https:\/\/www.mikro-polo.si\/bs\/\",\"name\":\"Mikro+Polo\",\"description\":\"Va\u0161 partner za laboratorij\",\"publisher\":{\"@id\":\"https:\/\/www.mikro-polo.si\/bs\/#organization\"},\"potentialAction\":[{\"@type\":\"SearchAction\",\"target\":{\"@type\":\"EntryPoint\",\"urlTemplate\":\"https:\/\/www.mikro-polo.si\/bs\/?s={search_term_string}\"},\"query-input\":{\"@type\":\"PropertyValueSpecification\",\"valueRequired\":true,\"valueName\":\"search_term_string\"}}],\"inLanguage\":\"bs-BA\"},{\"@type\":\"Organization\",\"@id\":\"https:\/\/www.mikro-polo.si\/bs\/#organization\",\"name\":\"Mikro+Polo\",\"url\":\"https:\/\/www.mikro-polo.si\/bs\/\",\"logo\":{\"@type\":\"ImageObject\",\"inLanguage\":\"bs-BA\",\"@id\":\"https:\/\/www.mikro-polo.si\/bs\/#\/schema\/logo\/image\/\",\"url\":\"https:\/\/mikro-polo.si\/wp-content\/uploads\/2022\/11\/Plus.png\",\"contentUrl\":\"https:\/\/mikro-polo.si\/wp-content\/uploads\/2022\/11\/Plus.png\",\"width\":512,\"height\":511,\"caption\":\"Mikro+Polo\"},\"image\":{\"@id\":\"https:\/\/www.mikro-polo.si\/bs\/#\/schema\/logo\/image\/\"},\"sameAs\":[\"https:\/\/www.facebook.com\/mikropolo2011\",\"https:\/\/www.instagram.com\/mikropoloslo\",\"https:\/\/www.linkedin.com\/company\/mikro-polo-d-o-o-\",\"https:\/\/www.youtube.com\/user\/MikroPoloSLO\"]}]}<\/script>\n<!-- \/ Yoast SEO plugin. -->","yoast_head_json":{"title":"Slobodna radna mjesta - Mikro+Polo","robots":{"index":"index","follow":"follow","max-snippet":"max-snippet:-1","max-image-preview":"max-image-preview:large","max-video-preview":"max-video-preview:-1"},"canonical":"https:\/\/www.mikro-polo.si\/bs\/slobodna-radna-mjesta\/","og_locale":"bs_BA","og_type":"article","og_title":"Slobodna radna mjesta - Mikro+Polo","og_description":"Prilike se ne de\u0161avaju. Sam ih kreira\u0161. Sre\u0107a je na strani onoga koji se usudi. Slobodna radna mjesta SERVISER APARATOV...","og_url":"https:\/\/www.mikro-polo.si\/bs\/slobodna-radna-mjesta\/","og_site_name":"Mikro+Polo","article_publisher":"https:\/\/www.facebook.com\/mikropolo2011","article_modified_time":"2023-08-10T09:21:19+00:00","og_image":[{"width":1200,"height":675,"url":"https:\/\/www.mikro-polo.si\/wp-content\/uploads\/2023\/06\/MP_Logo.jpg","type":"image\/jpeg"}],"twitter_card":"summary_large_image","twitter_misc":{"Est. reading time":"1 minuta"},"schema":{"@context":"https:\/\/schema.org","@graph":[{"@type":"WebPage","@id":"https:\/\/www.mikro-polo.si\/bs\/slobodna-radna-mjesta\/","url":"https:\/\/www.mikro-polo.si\/bs\/slobodna-radna-mjesta\/","name":"Slobodna radna mjesta - Mikro+Polo","isPartOf":{"@id":"https:\/\/www.mikro-polo.si\/bs\/#website"},"datePublished":"2023-07-17T07:00:52+00:00","dateModified":"2023-08-10T09:21:19+00:00","breadcrumb":{"@id":"https:\/\/www.mikro-polo.si\/bs\/slobodna-radna-mjesta\/#breadcrumb"},"inLanguage":"bs-BA","potentialAction":[{"@type":"ReadAction","target":["https:\/\/www.mikro-polo.si\/bs\/slobodna-radna-mjesta\/"]}]},{"@type":"BreadcrumbList","@id":"https:\/\/www.mikro-polo.si\/bs\/slobodna-radna-mjesta\/#breadcrumb","itemListElement":[{"@type":"ListItem","position":1,"name":"Home","item":"https:\/\/www.mikro-polo.si\/bs\/?page_id=79090"},{"@type":"ListItem","position":2,"name":"Slobodna radna mjesta"}]},{"@type":"WebSite","@id":"https:\/\/www.mikro-polo.si\/bs\/#website","url":"https:\/\/www.mikro-polo.si\/bs\/","name":"Mikro+Polo","description":"Va\u0161 partner za laboratorij","publisher":{"@id":"https:\/\/www.mikro-polo.si\/bs\/#organization"},"potentialAction":[{"@type":"SearchAction","target":{"@type":"EntryPoint","urlTemplate":"https:\/\/www.mikro-polo.si\/bs\/?s={search_term_string}"},"query-input":{"@type":"PropertyValueSpecification","valueRequired":true,"valueName":"search_term_string"}}],"inLanguage":"bs-BA"},{"@type":"Organization","@id":"https:\/\/www.mikro-polo.si\/bs\/#organization","name":"Mikro+Polo","url":"https:\/\/www.mikro-polo.si\/bs\/","logo":{"@type":"ImageObject","inLanguage":"bs-BA","@id":"https:\/\/www.mikro-polo.si\/bs\/#\/schema\/logo\/image\/","url":"https:\/\/mikro-polo.si\/wp-content\/uploads\/2022\/11\/Plus.png","contentUrl":"https:\/\/mikro-polo.si\/wp-content\/uploads\/2022\/11\/Plus.png","width":512,"height":511,"caption":"Mikro+Polo"},"image":{"@id":"https:\/\/www.mikro-polo.si\/bs\/#\/schema\/logo\/image\/"},"sameAs":["https:\/\/www.facebook.com\/mikropolo2011","https:\/\/www.instagram.com\/mikropoloslo","https:\/\/www.linkedin.com\/company\/mikro-polo-d-o-o-","https:\/\/www.youtube.com\/user\/MikroPoloSLO"]}]}},"_links":{"self":[{"href":"https:\/\/www.mikro-polo.si\/bs\/wp-json\/wp\/v2\/pages\/59226","targetHints":{"allow":["GET"]}}],"collection":[{"href":"https:\/\/www.mikro-polo.si\/bs\/wp-json\/wp\/v2\/pages"}],"about":[{"href":"https:\/\/www.mikro-polo.si\/bs\/wp-json\/wp\/v2\/types\/page"}],"author":[{"embeddable":true,"href":"https:\/\/www.mikro-polo.si\/bs\/wp-json\/wp\/v2\/users\/2"}],"replies":[{"embeddable":true,"href":"https:\/\/www.mikro-polo.si\/bs\/wp-json\/wp\/v2\/comments?post=59226"}],"version-history":[{"count":12,"href":"https:\/\/www.mikro-polo.si\/bs\/wp-json\/wp\/v2\/pages\/59226\/revisions"}],"predecessor-version":[{"id":60331,"href":"https:\/\/www.mikro-polo.si\/bs\/wp-json\/wp\/v2\/pages\/59226\/revisions\/60331"}],"wp:attachment":[{"href":"https:\/\/www.mikro-polo.si\/bs\/wp-json\/wp\/v2\/media?parent=59226"}],"curies":[{"name":"wp","href":"https:\/\/api.w.org\/{rel}","templated":true}]}}